{"id":413,"date":"2025-10-02T15:41:12","date_gmt":"2025-10-02T18:41:12","guid":{"rendered":"https:\/\/blog.gocup.com.br\/?page_id=413"},"modified":"2025-10-02T17:30:09","modified_gmt":"2025-10-02T20:30:09","slug":"estrutura","status":"publish","type":"page","link":"https:\/\/blog.gocup.com.br\/es\/estrutura\/","title":{"rendered":"ESTRUCTURA"},"content":{"rendered":"\n<div style=\"height:100px\" aria-hidden=\"true\" class=\"wp-block-spacer\"><\/div>\n\n\n\n<section class=\"w-full py-16 bg-red\" id=\"estrutura\">\n    <div class=\"container text-center text-white\">\n        <h3 class=\"text-2xl sm:text-4xl font-black uppercase\">>> A MAIOR ESTRUTURA DE TORNEIOS DE FUTEBOL INFANTIL DA AM\u00c9RICA LATINA<\/h3>\n\n        <p class=\"mt-8 sm:mt-16 text-lg sm:text-2xl mb-8\">O Go Cup conta com a estrutura de um campeonato oficial de futebol, com arbitragem,divis\u00e3o de categorias, suporte m\u00e9dico e campos de padr\u00e3o impec\u00e1vel.  Restaurante, food trucks, lojinha, espa\u00e7o do atleta, \u00e1rea de descanso, arena de jogos e brincadeiras, banho de bola.<\/p>\n\n                    <div class=\"flex flex-col gap-8 max-w-[1000px] mx-auto\">\n                                    <div class=\"flex max-md:flex-col items-center gap-4 \">\n                        <figure>\n                            <img decoding=\"async\" class=\"max-w-[320px]\" src=\"https:\/\/blog.gocup.com.br\/wp-content\/uploads\/2025\/10\/complexo-esportivo-1.jpg\" alt=\"\">\n                        <\/figure>\n\n                        <div class=\"md:w-1\/2 xl:w-auto flex-1 md:text-left\">\n                            <h3 class=\"text-3xl font-semibold uppercase\">COMPLEXO ESPORTIVO<\/h3>\n\n                            <div class=\"flex flex-col gap-3 mt-4 text-base ff-book\">\n                                <p>O Go Cup conta com mais de 40 campos de grama natural para receber todos os jogos.<\/p>\n                            <\/div>\n                        <\/div>\n                    <\/div>\n                                    <div class=\"flex max-md:flex-col items-center gap-4 flex-row-reverse\">\n                        <figure>\n                            <img decoding=\"async\" class=\"max-w-[320px]\" src=\"https:\/\/blog.gocup.com.br\/wp-content\/uploads\/2025\/10\/espaco-atleta.jpg\" alt=\"\">\n                        <\/figure>\n\n                        <div class=\"md:w-1\/2 xl:w-auto flex-1 md:text-right\">\n                            <h3 class=\"text-3xl font-semibold uppercase\">ESPA\u00c7O ATLETA<\/h3>\n\n                            <div class=\"flex flex-col gap-3 mt-4 text-base ff-book\">\n                                <p>O Espa\u00e7o Atleta, oferece massagistas, fisioterapeutas e tudo o que as crian\u00e7as precisam para uma recupera\u00e7\u00e3o plena no p\u00f3s-jogo.<\/p>\n                            <\/div>\n                        <\/div>\n                    <\/div>\n                                    <div class=\"flex max-md:flex-col items-center gap-4 \">\n                        <figure>\n                            <img decoding=\"async\" class=\"max-w-[320px]\" src=\"https:\/\/blog.gocup.com.br\/wp-content\/uploads\/2025\/10\/loja-oficial.jpg\" alt=\"\">\n                        <\/figure>\n\n                        <div class=\"md:w-1\/2 xl:w-auto flex-1 md:text-left\">\n                            <h3 class=\"text-3xl font-semibold uppercase\">LOJA OFICIAL<\/h3>\n\n                            <div class=\"flex flex-col gap-3 mt-4 text-base ff-book\">\n                                <p>Com produtos exclusivos do Go Cup, a loja oficial atrai os atletas que desejam levar para casa uma recorda\u00e7\u00e3o especial.<\/p>\n<p>Al\u00e9m do anu\u00e1rio oficial &#8211; o famoso \u00e1lbum &#8211; est\u00e3o \u00e0 venda copos, garrafas, camisetas,mochilas, bolas e diversos outros itens personalizados durante todo o torneio.<\/p>\n                            <\/div>\n                        <\/div>\n                    <\/div>\n                                    <div class=\"flex max-md:flex-col items-center gap-4 flex-row-reverse\">\n                        <figure>\n                            <img decoding=\"async\" class=\"max-w-[320px]\" src=\"https:\/\/blog.gocup.com.br\/wp-content\/uploads\/2025\/10\/arena-de-jogos.png\" alt=\"\">\n                        <\/figure>\n\n                        <div class=\"md:w-1\/2 xl:w-auto flex-1 md:text-right\">\n                            <h3 class=\"text-3xl font-semibold uppercase\">ARENA DE JOGOS E BRINCADEIRAS<\/h3>\n\n                            <div class=\"flex flex-col gap-3 mt-4 text-base ff-book\">\n                                <p>O Go Cup conta com uma \u00e1rea de lazer completa, com pingue-pongue, futmesa, futebol de botao, tot\u00f3 e at\u00e9 um dos maiores infl\u00e1veis do Brasil.<\/p>\n<p>Porque, no Go Cup, a divers\u00e3o da crian\u00e7ada vai muito al\u00e9m das quatro linhas.<\/p>\n                            <\/div>\n                        <\/div>\n                    <\/div>\n                            <\/div>\n            <\/div>\n<\/section>","protected":false},"excerpt":{"rendered":"","protected":false},"author":1,"featured_media":0,"parent":0,"menu_order":0,"comment_status":"closed","ping_status":"closed","template":"","meta":{"_monsterinsights_skip_tracking":false,"_monsterinsights_sitenote_active":false,"_monsterinsights_sitenote_note":"","_monsterinsights_sitenote_category":0,"footnotes":""},"class_list":["post-413","page","type-page","status-publish","hentry"],"acf":[],"aioseo_notices":[],"_links":{"self":[{"href":"https:\/\/blog.gocup.com.br\/es\/wp-json\/wp\/v2\/pages\/413","targetHints":{"allow":["GET"]}}],"collection":[{"href":"https:\/\/blog.gocup.com.br\/es\/wp-json\/wp\/v2\/pages"}],"about":[{"href":"https:\/\/blog.gocup.com.br\/es\/wp-json\/wp\/v2\/types\/page"}],"author":[{"embeddable":true,"href":"https:\/\/blog.gocup.com.br\/es\/wp-json\/wp\/v2\/users\/1"}],"replies":[{"embeddable":true,"href":"https:\/\/blog.gocup.com.br\/es\/wp-json\/wp\/v2\/comments?post=413"}],"version-history":[{"count":7,"href":"https:\/\/blog.gocup.com.br\/es\/wp-json\/wp\/v2\/pages\/413\/revisions"}],"predecessor-version":[{"id":448,"href":"https:\/\/blog.gocup.com.br\/es\/wp-json\/wp\/v2\/pages\/413\/revisions\/448"}],"wp:attachment":[{"href":"https:\/\/blog.gocup.com.br\/es\/wp-json\/wp\/v2\/media?parent=413"}],"curies":[{"name":"wp","href":"https:\/\/api.w.org\/{rel}","templated":true}]}}